{"id":13,"date":"2024-07-11T10:33:23","date_gmt":"2024-07-11T10:33:23","guid":{"rendered":"https:\/\/www.igorjerman.si\/?page_id=13"},"modified":"2024-07-11T10:35:11","modified_gmt":"2024-07-11T10:35:11","slug":"home","status":"publish","type":"page","link":"https:\/\/www.igorjerman.si\/","title":{"rendered":"Home"},"content":{"rendered":"\n<p>Pozdravljeni, spletne strani so v pripravi<br>Obi\u0161\u010dite nas kmalu.<\/p>\n\n\n\n<figure class=\"wp-block-image size-full\"><img loading=\"lazy\" decoding=\"async\" width=\"399\" height=\"112\" src=\"https:\/\/www.igorjerman.si\/wp-content\/uploads\/2024\/07\/logo2.png\" alt=\"\" class=\"wp-image-8\" srcset=\"https:\/\/www.igorjerman.si\/wp-content\/uploads\/2024\/07\/logo2.png 399w, https:\/\/www.igorjerman.si\/wp-content\/uploads\/2024\/07\/logo2-300x84.png 300w\" sizes=\"auto, (max-width: 399px) 100vw, 399px\" \/><\/figure>\n\n\n\n<p><strong>Varjenje in druga obdelava kovin, Igor Jerman, s.p.<\/strong><\/p>\n\n\n\n<p>Depala vas 47, 1230 Dom\u017eale<\/p>\n\n\n\n<p>031 866 966<\/p>\n\n\n\n<p>info@igorjerman.si<\/p>\n\n\n\n<p>www.igorjerman.si<\/p>\n","protected":false},"excerpt":{"rendered":"<p>Pozdravljeni, spletne strani so v pripraviObi\u0161\u010dite nas kmalu. Varjenje in druga obdelava kovin, Igor Jerman, s.p. Depala vas 47, 1230 Dom\u017eale 031 866 966 info@igorjerman.si www.igorjerman.si<\/p>\n","protected":false},"author":1,"featured_media":0,"parent":0,"menu_order":0,"comment_status":"closed","ping_status":"closed","template":"","meta":{"_kad_post_transparent":"","_kad_post_title":"","_kad_post_layout":"","_kad_post_sidebar_id":"","_kad_post_content_style":"","_kad_post_vertical_padding":"","_kad_post_feature":"","_kad_post_feature_position":"","_kad_post_header":false,"_kad_post_footer":false,"footnotes":""},"class_list":["post-13","page","type-page","status-publish","hentry"],"_links":{"self":[{"href":"https:\/\/www.igorjerman.si\/index.php\/wp-json\/wp\/v2\/pages\/13","targetHints":{"allow":["GET"]}}],"collection":[{"href":"https:\/\/www.igorjerman.si\/index.php\/wp-json\/wp\/v2\/pages"}],"about":[{"href":"https:\/\/www.igorjerman.si\/index.php\/wp-json\/wp\/v2\/types\/page"}],"author":[{"embeddable":true,"href":"https:\/\/www.igorjerman.si\/index.php\/wp-json\/wp\/v2\/users\/1"}],"replies":[{"embeddable":true,"href":"https:\/\/www.igorjerman.si\/index.php\/wp-json\/wp\/v2\/comments?post=13"}],"version-history":[{"count":3,"href":"https:\/\/www.igorjerman.si\/index.php\/wp-json\/wp\/v2\/pages\/13\/revisions"}],"predecessor-version":[{"id":16,"href":"https:\/\/www.igorjerman.si\/index.php\/wp-json\/wp\/v2\/pages\/13\/revisions\/16"}],"wp:attachment":[{"href":"https:\/\/www.igorjerman.si\/index.php\/wp-json\/wp\/v2\/media?parent=13"}],"curies":[{"name":"wp","href":"https:\/\/api.w.org\/{rel}","templated":true}]}}